{"id":418,"date":"2022-04-07T00:19:30","date_gmt":"2022-04-07T00:19:30","guid":{"rendered":"http:\/\/www.paroquiasaodomingos.com.br\/?page_id=418"},"modified":"2022-04-07T00:19:32","modified_gmt":"2022-04-07T00:19:32","slug":"cantos-domingo-de-ramos-ano-c","status":"publish","type":"page","link":"http:\/\/www.paroquiasaodomingos.com.br\/index.php\/cantos\/cantos-domingo-de-ramos-ano-c\/","title":{"rendered":"CANTOS DOMINGO DE RAMOS ANO C"},"content":{"rendered":"\n<p><strong>1<\/strong>)<\/p>\n\n\n\n<p><strong>Hosana ao filho de Davi! (bis)<\/strong><\/p>\n\n\n\n<p>&#8211; Bendito o que vem em nome do Senhor!<\/p>\n\n\n\n<p>&#8211; Rei de Israel, hosana nas alturas!<\/p>\n\n\n\n<p><strong>2)<\/strong><\/p>\n\n\n\n<p><strong>Bendito o que vem em nome do Senhor! Hosana, hosana, hosana ao Vencedor!&nbsp;<\/strong><\/p>\n\n\n\n<p>Hosana, clamamos ao Senhor que vem e salva: o pobre e o pequeno ele exalta! Cantemos um hino de louvor ao Rei da gl\u00f3ria, \u00e0quele que \u00e9 forte em vit\u00f3rias!&nbsp;<\/p>\n\n\n\n<p>Caminhos, vesti-vos de ramagens e floradas, o Cristo vem passando em nossa estrada! \u00d3 portas, abri-vos, acolhendo e sem demora: o Cristo vai entrar, chegou a hora!&nbsp;<\/p>\n\n\n\n<p>Um Rei t\u00e3o pobre e montado num jumento \u00e9 o Deus que sabe ouvir nosso lamento! Hosana a ele, o ilustre descendente de um povo que plantou nova semente!&nbsp;<\/p>\n\n\n\n<p>Trazemos os ramos verdejantes de palmeiras, dos campos a beleza da oliveira: N\u00e3o pode murchar a esperan\u00e7a nesta terra, a luz de Deus na vida se desvela!&nbsp;<\/p>\n\n\n\n<p>As vozes dos filhos dos hebreus aqui ressoam, se unem aos cantares que se entoam: O povo festeja o Messias enviado, heran\u00e7a de Deus Pai, por n\u00f3s doado!&nbsp;<\/p>\n\n\n\n<p><strong>3)<\/strong><\/p>\n\n\n\n<p><strong>Salmo: Meu Deus, meu Deus, por que me abandonaste?<\/strong><\/p>\n\n\n\n<p><strong>4)<\/strong><\/p>\n\n\n\n<p><strong>Jesus Cristo se tornou obediente,&nbsp;obediente at\u00e9 a morte numa cruz.&nbsp;Pelo que o Senhor Deus o exaltou&nbsp;e deu-lhe um nome muito acima de outro nome.<\/strong><\/p>\n\n\n\n<p><strong>5)<\/strong><br \/>O insulto me partiu o cora\u00e7\u00e3o;<br \/>n\u00e3o suportei, desfaleci de tanta dor!&nbsp;<\/p>\n\n\n\n<p><br \/><strong>Deram-me fel como se fosse um alimento, em minha sede ofereceram-me vinagre! (bis)&nbsp;<\/strong><strong><\/strong><\/p>\n\n\n\n<p>Esperei que algu\u00e9m de mim tivesse pena,<br \/>mas foi em v\u00e3o, pois a ningu\u00e9m pude encontrar.&nbsp;<\/p>\n\n\n\n<p>Esperei que algu\u00e9m de mim tivesse pena, eu procurei quem me aliviasse e n\u00e3o achei.&nbsp;<\/p>\n\n\n\n<p>Pobre de mim, sou infeliz e sofredor!<br \/>Que vosso aux\u00edlio me levante, Senhor Deus!&nbsp;<\/p>\n\n\n\n<p><strong>6)<\/strong><\/p>\n\n\n\n<p><strong>\u00d3 Pai, em tuas m\u00e3os eu entrego o meu esp\u00edrito!&nbsp;<\/strong><strong><\/strong><\/p>\n\n\n\n<p>Meu Deus, meu Deus, por que me abandonastes? * E ficais longe de meu grito e minha prece? \u00d3 meu Deus, clamo de dia e n\u00e3o me ouvis, *e clamo de noite e para mim n\u00e3o h\u00e1 resposta!&nbsp;<\/p>\n\n\n\n<p>Foi em v\u00f3s que esperaram nossos pais; * esperaram e v\u00f3s mesmo os libertastes. Seu clamor subiu a v\u00f3s e foram salvos; * em v\u00f3s confiaram e n\u00e3o foram enganados.&nbsp;<\/p>\n\n\n\n<p>Quanto a mim, eu sou um verme e n\u00e3o um homem; * sou o opr\u00f3brio e o desprezo das na\u00e7\u00f5es. Riem de mim todos aqueles que me veem, *torcem os l\u00e1bios e sacodem a cabe\u00e7a.&nbsp;<\/p>\n\n\n\n<p>&#8220;Ao Senhor se confiou, ele o liberte *e agora o salve, se \u00e9 verdade que ele o ama!&#8221; Desde a minha concep\u00e7\u00e3o me conduzistes, * e no seio maternal me agasalhastes.&nbsp;<\/p>\n\n\n\n<p>Desde quando vim \u00e0 luz vos fui entregue; * desde o ventre de minha m\u00e3e sois o meu Deus! N\u00e3o fiqueis longe de mim, porque pade\u00e7o; *&nbsp;ficai perto, pois n\u00e3o h\u00e1 quem me socorra!&nbsp;<\/p>\n\n\n\n<p><strong>7)<\/strong><\/p>\n\n\n\n<p>\u00c9 tarefa e miss\u00e3o da igreja<br \/>Boa nova no amor proclamar<br \/>No di\u00e1logo com a cultura<br \/>Para a vida florir, fecundar<br \/>O que em redes se vai construir<br \/>E a pessoa humana formar<br \/><br \/>Quando o anseio do conhecimento<br \/>Ultrapassa barreiras, fronteiras<br \/>Se destaca o ensinamento<br \/>Oriundo da f\u00e9 verdadeira<br \/>Que nos faz nesta a\u00e7\u00e3o solid\u00e1rios<br \/>Para o bem, condi\u00e7\u00e3o que \u00e9 certeira<br \/><br \/>E quem fala com sabedoria<br \/>\u00c9 aquele que ensina com amor<br \/>Sua vida em total maestria<br \/>\u00c9 pra n\u00f3s luz, caminho, vigor<br \/><br \/>Educar \u00e9 atitude sublime<br \/>Que prepara a vida futura<br \/>Compreendendo o presente, pensamos<br \/>Ensinar \u00e9 proposta segura<br \/>Para, enfim, destacar-se a atitude<br \/>Dos que em Cristo s\u00e3o nova criatura<br \/><br \/>O conv\u00edvio em n\u00edveis fraternos<br \/>Traz em n\u00f3s o sentido discreto<br \/>Na harmonia com os seres viventes<br \/>E no agir o equil\u00edbrio completo<br \/>Consigamos tamb\u00e9m aprender<br \/>E educar para o amor e o afeto<br \/><br \/>E quem fala com sabedoria<br \/>\u00c9 aquele que ensina com amor<br \/>Sua vida em total maestria<br \/>\u00c9 pra n\u00f3s luz, caminho, vigor<\/p>\n\n\n\n<p><\/p>\n\n\n\n<p><\/p>\n","protected":false},"excerpt":{"rendered":"<p>1) Hosana ao filho de Davi! (bis) &#8211; Bendito o que vem [&hellip;]<\/p>\n","protected":false},"author":2,"featured_media":0,"parent":419,"menu_order":0,"comment_status":"closed","ping_status":"closed","template":"","meta":[],"_links":{"self":[{"href":"http:\/\/www.paroquiasaodomingos.com.br\/index.php\/wp-json\/wp\/v2\/pages\/418"}],"collection":[{"href":"http:\/\/www.paroquiasaodomingos.com.br\/index.php\/wp-json\/wp\/v2\/pages"}],"about":[{"href":"http:\/\/www.paroquiasaodomingos.com.br\/index.php\/wp-json\/wp\/v2\/types\/page"}],"author":[{"embeddable":true,"href":"http:\/\/www.paroquiasaodomingos.com.br\/index.php\/wp-json\/wp\/v2\/users\/2"}],"replies":[{"embeddable":true,"href":"http:\/\/www.paroquiasaodomingos.com.br\/index.php\/wp-json\/wp\/v2\/comments?post=418"}],"version-history":[{"count":1,"href":"http:\/\/www.paroquiasaodomingos.com.br\/index.php\/wp-json\/wp\/v2\/pages\/418\/revisions"}],"predecessor-version":[{"id":420,"href":"http:\/\/www.paroquiasaodomingos.com.br\/index.php\/wp-json\/wp\/v2\/pages\/418\/revisions\/420"}],"up":[{"embeddable":true,"href":"http:\/\/www.paroquiasaodomingos.com.br\/index.php\/wp-json\/wp\/v2\/pages\/419"}],"wp:attachment":[{"href":"http:\/\/www.paroquiasaodomingos.com.br\/index.php\/wp-json\/wp\/v2\/media?parent=418"}],"curies":[{"name":"wp","href":"https:\/\/api.w.org\/{rel}","templated":true}]}}