{"id":443,"date":"2022-06-15T14:32:04","date_gmt":"2022-06-15T14:32:04","guid":{"rendered":"http:\/\/www.paroquiasaodomingos.com.br\/?page_id=443"},"modified":"2022-06-15T14:40:21","modified_gmt":"2022-06-15T14:40:21","slug":"cantos-17-06","status":"publish","type":"page","link":"http:\/\/www.paroquiasaodomingos.com.br\/index.php\/cantos\/cantos-17-06\/","title":{"rendered":"Cantos 17\/06"},"content":{"rendered":"\n<div class=\"wp-block-columns\">\n<div class=\"wp-block-column\">\n<p><strong>CORPO E SANGUE DE CRISTO<\/strong><\/p>\n\n\n\n<p><strong>1 &#8211; <\/strong>Todos convidados chegam<br \/>Ao banquete do Senhor<br \/>Festa preparada, bem participada, Venham partilhar do p\u00e3o do amor.<\/p>\n\n\n\n<p><strong>Ref<\/strong>: <strong>Cristo p\u00e3o dos pobres,<br \/>Juntos nessa mesa<br \/>Pois a Eucaristia faz a Igreja. (Bis)<\/strong><\/p>\n\n\n\n<p>Vejam quanta fome<br \/>Muitos lares sem ternura e p\u00e3o Dor e violencia, quanta resistencia Vamos acolher a cada irm\u00e3o.<\/p>\n\n\n\n<p>Vamos gente unida<br \/>Resgatar a paz nesta cidade<br \/>Ser o sal da terra, ser a luz do mundo Espalhar justi\u00e7a e caridade.<\/p>\n\n\n\n<p>Jovens e familias<br \/>Vida nova venham assumir Evangelizando, Cristo anunciando Para o mundo novo construir.<\/p>\n\n\n\n<p>P\u00e1scoa celebrada<br \/>Nosso testemunho \u00e9 convers\u00e3o Corpo ofertado, sangue derramado Vou ser solitario na miss\u00e3o.<\/p>\n\n\n\n<p><strong>SEQU\u00caNCIA<\/strong><\/p>\n\n\n\n<p><strong>2 &#8211;<\/strong> Terra, exulta de alegria, Louva teu pastor e guia<br \/>\/:Com teus hinos tua voz. (Bis)<\/p>\n\n\n\n<p>Tanto possas, tanto ouses,<br \/>Em louva-lo n\u00e3o repouses: \/:Sempre excede o teu louvor. (Bis)<\/p>\n\n\n\n<p>Hoje a igreja te convida: Ao p\u00e3o vivo que da vida, \/:Vem com ela celebrar!. (Bis)<\/p>\n\n\n\n<p>Este p\u00e3o, que o mundo creia, Por Jesus, na Santa Ceia,<br \/>\/:Foi entregue aos que escolheu. (Bis)<\/p>\n\n\n\n<p>Nosso j\u00fabilo cantemos, nosso amor manifestemos, pois transborda o cora\u00e7\u00e3o.<\/p>\n\n\n\n<p>Qu\u00e3o solene a festa, o dia,<br \/>Que da santa Eucaristia<br \/>\/: Nos recorda a institui\u00e7\u00e3o. (Bis)<\/p>\n\n\n\n<p>Novo Rei e nova mesa,<br \/>Nova pascoa e realeza,<br \/>\/: Foi-se a pascoa dos Judeus. (Bis)<\/p>\n\n\n\n<p>Era sombra o antigo povo,<br \/>O que \u00e9 velho cede ao novo,<br \/>\/: Foge a noite, chega a luz. (Bis)<\/p>\n\n\n\n<p>O que Cristo fez na ceia, Manda a igreja que o rodeia \/: Repeti-lo at\u00e9 voltar. (Bis)<\/p>\n\n\n\n<p>Seu preceito conhecemos: P\u00e3o e vinho consagremos<\/p>\n\n\n\n<p><strong>ACLAMA\u00c7\u00c3O<\/strong><\/p>\n\n\n\n<p><strong>3 &#8211;<em> Aleluia, aleluia, aleluia<\/em><\/strong><\/p>\n\n\n\n<p>Eu sou o p\u00e3o vivo descido do c\u00e9u; quem deste p\u00e3o come sempre h\u00e1 de viver.<\/p>\n\n\n\n<p><strong>PREPARA\u00c7\u00c3O DAS OFERENDAS<\/strong><\/p>\n\n\n\n<p><strong>4 &#8211;<\/strong> Tanta gente vai andando na procura de uma luz, Caminhando na esparan\u00e7a se aproxima de Jesus. No deserto sente fome e o Senhor tem compaix\u00e3o. Comunica sua palavra: vai abrindo o cora\u00e7\u00e3o.<\/p>\n\n\n\n<p><strong><em>Dai-lhes v\u00f3s mesmos de comer, Que o milagre vai acontecer. (Bis)<\/em><\/strong><\/p>\n\n\n\n<p>Quando o p\u00e3o \u00e9 partilhado, passa a ter gosto de amor, Quando for acumulado gera morte tr\u00e1z a dor.<br \/>Quando o pouco que n\u00f3s temos se tranforma em obla\u00e7\u00e3o, O milagre da partilha serve a mesa dos irm\u00e3os.<\/p>\n\n\n\n<p>No altar da Eucaristia o Senhor vem ensinar<br \/>Que o amor \u00e9 verdadeiro quando a vida se doar. Peregrinos, caminheiros, vamos juntos como irm\u00e3os, Na esperan\u00e7a repartindo a palavra e o mesmo p\u00e3o.<\/p>\n\n\n\n<p>Deus nos fez \u00e0 sua imagem, por amor acreditou. Deu-nos a vida e liberdade, tantos dons nos confiou. Respons\u00e1veis pelo mundo para a vida promover. Desafios que nos chegam vamos juntos resolver.<\/p>\n\n\n\n<p><strong>CANTO DE COMUNH\u00c3O<\/strong><\/p>\n\n\n\n<p><strong>5 &#8211; Eu sou o p\u00e3o que vem do c\u00e9u, Quem crer em mim, ir\u00e1 viver!<\/strong><\/p>\n\n\n\n<p>N\u00f3s reconhecemos o Senhor, partindo o p\u00e3o, Mist\u00e9rio de amor, a nossa refei\u00e7\u00e3o. (Lc 24, 13)<\/p>\n\n\n\n<p>O Senhor Jesus no Sacramento nos deixou Memorial da cruz: morte e ressurrei\u00e7\u00e3o.<\/p>\n\n\n\n<p>T\u00e3o grande mist\u00e9rio adoramos, neste altar, Que nossa f\u00e9 sustente o nosso caminhar!<\/p>\n\n\n\n<p>Ao Povo de Deus, l\u00e1 no deserto, sem p\u00e3o, sem lar, Deus fez cair do c\u00e9u comida salutar.<\/p>\n\n\n\n<p>Todos se assentaram, todos comeram, at\u00e9 fartar, Gl\u00f3ria e louvor a Deus, que vem nos saciar!<\/p>\n\n\n\n<p>Corpo do Senhor \u00e9 o p\u00e3o que temos no altar E o vinho consagrado \u00e9 o sangue redentor.<\/p>\n\n\n\n<p><strong>TEMPO COMUM \u2013 de 19 e 26 de julho de 2022<\/strong><\/p>\n\n\n\n<p><strong>ABERTURA<\/strong><\/p>\n\n\n\n<p><strong>6 &#8211;<\/strong> \u00d3 Senhor, n\u00f3s estamos aqui<\/p>\n\n\n\n<p>Junto \u00e0 mesa da celebra\u00e7\u00e3o<\/p>\n\n\n\n<p>simplesmente atra\u00eddos por V\u00f3s<\/p>\n\n\n\n<p>Desejamos formar comunh\u00e3o!<\/p>\n\n\n\n<p><strong><em>Igualdade, fraternidade, nesta mesa nos ensinais<\/em><\/strong><\/p>\n\n\n\n<p><strong><em>As li\u00e7\u00f5es que melhor educam,<\/em><\/strong><\/p>\n\n\n\n<p><strong><em>na Eucaristia \u00e9 que nos dais!<\/em><\/strong><\/p>\n\n\n\n<p><strong><em>As li\u00e7\u00f5es que melhor educam,<\/em><\/strong><\/p>\n\n\n\n<p><strong><em>na Eucaristia \u00e9 que nos dais!<\/em><\/strong><\/p>\n\n\n\n<p>Todos cantam o Vosso louvor.<\/p>\n\n\n\n<p>Pois em V\u00f3s todos somos irm\u00e3os<\/p>\n\n\n\n<p>Ouviremos com f\u00e9, \u00f3 Senhor,<\/p>\n\n\n\n<p>Os apelos de liberta\u00e7\u00e3o<\/p>\n\n\n\n<p>Este encontro convosco, Senhor<\/p>\n\n\n\n<p>Incentiva a justi\u00e7a e a paz<\/p>\n\n\n\n<p>Nos inquieta e convida a sentir<\/p>\n\n\n\n<p>Os apelos que o pobre nos faz<\/p>\n\n\n\n<p>Acolheis com o Vosso perd\u00e3o<\/p>\n\n\n\n<p>Todo o homem disposto a crescer<\/p>\n\n\n\n<p>Ao redor desta mesa, Senhor,<\/p>\n\n\n\n<p>a unidade podemos viver<\/p>\n\n\n\n<p><strong>7 &#8211; Do seu povo ele e a for\u00e7a,<\/strong><br \/><strong>salva\u00e7\u00e3o do seu ungido;<\/strong><br \/><strong>salva, Senhor, teu povo<\/strong><br \/><strong>socorre os teus queridos<\/strong><\/p>\n\n\n\n<p>O Senhor \u00e9 minha luz,<br \/>ele \u00e9 minha salva\u00e7\u00e3o.<br \/>O que \u00e9 que eu vou temer?<br \/>Deus \u00e9 minha prote\u00e7\u00e3o.<br \/>Ele guarda minha vida,&nbsp;<br \/>eu n\u00e3o vou ter medo, n\u00e3o.<br \/>Ele guarda minha vida,<br \/>eu n\u00e3o vou ter medo, n\u00e3o.<\/p>\n\n\n\n<p>Quando os maus v\u00eam avan\u00e7ando,<br \/>procurando me acuar,<br \/>desejando ver meu fim,<br \/>querendo me matar,<br \/>inimigos opressores<br \/>\u00e9 que v\u00e3o se liquidar.<br \/>inimigos opressores\u200b<br \/>\u00e9 que v\u00e3o se liquidar.<\/p>\n\n\n\n<p>Se um ex\u00e9rcito se armar<br \/>contra mim, n\u00e3o temerei.<br \/>Meu cora\u00e7\u00e3o est\u00e1 firme<br \/>e firme ficarei.&nbsp;<br \/>Se estourar uma batalha,<br \/>mesmo assim, confiarei!<br \/>Se estourar uma batalha,<br \/>mesmo assim, confiarei!<\/p>\n\n\n\n<p>Sei que eu hei de ver,<br \/>um dia, a bondade do Senhor:<br \/>l\u00e1, na terra dos viventes,<br \/>viverei no seu amor.<br \/>Espera em Deus! Cria coragem!<br \/>Espera em Deus que \u00e9 teu Senhor!<br \/>Espera em Deus! Cria coragem!\u200b<br \/>Espera em Deus que \u00e9 teu Senhor!<\/p>\n\n\n\n<p><strong>ACLAMA\u00c7\u00c3O<\/strong><\/p>\n\n\n\n<p><strong>8 &#8211;<em> Aleluia, aleluia, aleluia<\/em><\/strong><\/p>\n\n\n\n<p><em>(12\u00ba Domingo do tempo comum):<\/em> Minhas ovelhas escutam a minha voz, minha voz est\u00e3o elas a escutar; eu conhe\u00e7o, ent\u00e3o, minhas ovelhas, que me seguem, comigo a caminhar.<\/p>\n\n\n\n<p><em>(13\u00ba Domingo do tempo comum):<\/em> Fala, Senhor, que te escuta teu servo! Tu tens palavras de vida eterna!<\/p>\n<\/div>\n\n\n\n<div class=\"wp-block-column\">\n<p><strong>PREPARA\u00c7\u00c3O DAS OFERENDAS<\/strong><\/p>\n\n\n\n<p><strong>9 &#8211;<em> Senhor, meu Deus,<\/em><\/strong><em><\/em><\/p>\n\n\n\n<p><strong><em>obrigado, Senhor,<\/em><\/strong><em><\/em><\/p>\n\n\n\n<p><strong><em>porque tudo \u00e9 teu!<\/em><\/strong><em><\/em><\/p>\n\n\n\n<p><br \/>\u00c9 teu o p\u00e3o que apresentamos,<br \/>\u00e9 tua dor que suportamos:&nbsp;<br \/>obrigado, Senhor!<\/p>\n\n\n\n<p><br \/>\u00c9 teu o vinho que trazemos,<\/p>\n\n\n\n<p>\u00e9 tua vida que vivemos:<\/p>\n\n\n\n<p>obrigado, Senhor!<\/p>\n\n\n\n<p><br \/>Na tua cruz crucificados,<\/p>\n\n\n\n<p>seremos teus ressuscitados:&nbsp;<\/p>\n\n\n\n<p>obrigado, Senhor!<\/p>\n\n\n\n<p><strong>10 &#8211;<\/strong> Nosso Deus fez um mundo t\u00e3o perfeito,<br \/>colocou em nosso peito a semente do amor.<br \/>E, por isso, \u00e9 que somos seus convivas,<br \/>e formamos h\u00f3stias vivas, nesta casa do Senhor.<br \/><br \/><strong>Vamos preparar a ceia, vamos repartir o p\u00e3o!<\/strong><br \/><strong>Quero ver a mesa cheia dos sinais da salva\u00e7\u00e3o.<\/strong><br \/><strong>Vamos preparar a ceia, vamos repartir o vinho!<\/strong><br \/><strong>Quero ver a casa cheia de ternura e de carinho.<\/strong><br \/><br \/>Nosso Deus fez de n\u00f3s uma fam\u00edlia,<br \/>numa Igreja que partilha, e se oferta em obla\u00e7\u00e3o,<br \/>para que ofertemos p\u00e3o e vinho<br \/>que d\u00e3o for\u00e7a no caminho e nos levam \u00e0 doa\u00e7\u00e3o.<\/p>\n\n\n\n<p>Nosso Deus sabe ouvir nosso clamor<br \/>e, com todo sofredor, faz a nova alian\u00e7a.<\/p>\n\n\n\n<p>Tamb\u00e9m n\u00f3s, o que temos partilhamos,<br \/>o que somos ofertamos, pra gerar mais esperan\u00e7a.<\/p>\n\n\n\n<p>Nosso Deus chama toda a humanidade<br \/>a viver em liberdade, a oferta e a paix\u00e3o.<\/p>\n\n\n\n<p>Tudo \u00e9 d\u2019Ele e n\u00f3s somos seu rebanho,<br \/>nele pomos nossos sonhos: toda a vida e voca\u00e7\u00e3o.<\/p>\n\n\n\n<p><strong>COMUNH\u00c3O<\/strong><\/p>\n\n\n\n<p><em>(12\u00ba Domingo do Tempo Comum):<\/em><\/p>\n\n\n\n<p><strong>11 &#8211; &#8220;Quem quer me seguir, que ele tome sua cruz,<\/strong><br \/><strong>se negue e me siga&#8221;, quem diz \u00e9 Jesus&#8230;<\/strong><br \/><strong>&#8220;Quem perde sua vida por causa de mim,<\/strong><strong>&nbsp;<\/strong><br \/><strong>ir\u00e1 encontrar um avida sem fim!&#8221;<\/strong><\/p>\n\n\n\n<p>Vamos juntos dar gl\u00f3ria ao Senhor<br \/>e a seu nome fazer louva\u00e7\u00e3o.<br \/>Procurei o Senhor, me atendeu,<br \/>me livrou de uma grande afli\u00e7\u00e3o.<\/p>\n\n\n\n<p>Olhem todos pra ele e se alegrem,<br \/>todo tempo sua boca sorria!<br \/>Este pobre gritou e ele ouviu,<br \/>fiquei livre de minha agonia.<\/p>\n\n\n\n<p>Acampou na batalha seu anjo,&nbsp;<br \/>defendendo seu povo e o livrando.&nbsp;<br \/>Provem todos, pra ver como \u00e9 bom<br \/>o Senhor que nos vai abrigando.<\/p>\n\n\n\n<p>Santos todos, adorem o Senhor,&nbsp;<br \/>aos que o amam, nenhum mal assalta.&nbsp;<br \/>Quem \u00e9 rico, empobrece e tem fome,&nbsp;<br \/>mas, a quem busca a Deus, nada falta.<\/p>\n\n\n\n<p>\u00d3 meus filhos, escutem o que eu digo,&nbsp;<br \/>pra aprender o temor do Senhor.<br \/>Qual o homem que ama sua vida,<br \/>e a seus dias quer dar mais valor?<\/p>\n\n\n\n<p>Tua l\u00edngua preserva do mal<br \/>e n\u00e3o deixes tua boca mentir.<br \/>Ama o bem e detesta a maldade,&nbsp;<br \/>vem a paz procurar e seguir!<\/p>\n\n\n\n<p>Sobre o justo o Senhor olha sempre,&nbsp;<br \/>seu ouvido se p\u00f5e a escutar.<br \/>Que teus olhos se afastem dos maus,<br \/>pois, ningu\u00e9m deles vai se lembrar.<\/p>\n\n\n\n<p>Deus ouviu, quando os justos chamaram<br \/>e livrou-os de sua afli\u00e7\u00e3o.<br \/>Est\u00e1 perto de quem se arrepende,<br \/>ao pequeno ele d\u00e1 salva\u00e7\u00e3o.<\/p>\n\n\n\n<p>Para o justo h\u00e1 momentos amargos,<br \/>mas vem Deus pra lhe dar prote\u00e7\u00e3o.<br \/>Ele guarda com amor os seus ossos,<br \/>nenhum deles ter\u00e1 perdi\u00e7\u00e3o.<\/p>\n\n\n\n<p>A mal\u00edcia do \u00edmpio o liquida,<br \/>quem persegue o inocente \u00e9 arrasado.<br \/>O Senhor a seus servos liberta,<br \/>Quem o abra\u00e7a, n\u00e3o \u00e9 castigado<\/p>\n\n\n\n<p><em>(13\u00ba Domingo do tempo comum)<\/em><\/p>\n\n\n\n<p><strong>12-<em> Deixa que os mortos enterrem os seus mortos! ||: Tu, por\u00e9m, vai e prega o Reino de Deus! :||<\/em><\/strong><\/p>\n\n\n\n<p>Guardai-me, \u00f3 Deus, porque em v\u00f3s me refugio! * Digo ao Senhor: \u201cSomente v\u00f3s sois meu Senhor: nenhum bem eu posso achar fora de v\u00f3s!\u201d *<br \/>Minha alma rejubila de alegria.<\/p>\n\n\n\n<p>\u00d3 Senhor, sois minha heran\u00e7a e minha ta\u00e7a: * meu destino est\u00e1 seguro em vossas m\u00e3os!<br \/>Foi demarcada para mim a melhor terra, *<br \/>e eu exulto de alegria em minha heran\u00e7a!<\/p>\n\n\n\n<p>Eu bendigo o Senhor, que me aconselha, * e at\u00e9 de noite me adverte o cora\u00e7\u00e3o.<br \/>Tenho sempre o Senhor ante meus olhos, * pois se o tenho a meu lado n\u00e3o vacilo.<\/p>\n\n\n\n<p>Eis por que meu cora\u00e7\u00e3o est\u00e1 em festa, * minha alma rejubila de alegria,<br \/>e at\u00e9 meu corpo no repouso est\u00e1 tranquilo; * pois n\u00e3o haveis de me deixar entregue \u00e0 morte<\/p>\n\n\n\n<p><strong>S\u00c3O PEDRO E S\u00c3O PAULO<\/strong><\/p>\n\n\n\n<p><strong>13 &#8211;<em> Canta, meu povo!<br \/>Canta o louvor de teu Deus!<br \/>Que se fez homem e por n\u00f3s morreu, Que ressuscitou pelo amor dos seus!<\/em><\/strong><\/p>\n\n\n\n<p>Somos a na\u00e7\u00e3o santa e o povo eleito Um sacerd\u00f3cio real.<br \/>Deus nos chamou das trevas a sua luz, Sua luz imortal.<\/p>\n\n\n\n<p>N\u00f3s somos transportados da morte a vida Pelo amor dos irm\u00e3os.<br \/>Vamos amar at\u00e9 nossos inimigos,<br \/>\u00c9 a lei do crist\u00e3o!<\/p>\n\n\n\n<p>Senhor Jesus, ja n\u00e3o sou mais eu que vivo, Tu vives em mim.<br \/>O meu desejo \u00e9 um dia ver tua face,<br \/>Na gl\u00f3ria sem fim.<\/p>\n\n\n\n<p><strong>ACLAMA\u00c7\u00c3O<\/strong><\/p>\n\n\n\n<p><strong>14 &#8211;<em> Aleluia, aleluia, aleluia<\/em><\/strong><\/p>\n\n\n\n<p>Tu \u00e9s Pedro e sobre esta pedra eu irei construir a minha Igreja; e as portas do inferno n\u00e3o ir\u00e3o derrota-la.<\/p>\n\n\n\n<p><strong>PREPARA\u00c7\u00c3O DAS OFERTAS<\/strong><\/p>\n\n\n\n<p><strong>15 &#8211;<em> Quem nos separar\u00e1? Quem vai nos separar<br \/>Do amor de Cristo? Quem nos separar\u00e1?<br \/>Se ele \u00e9 por n\u00f3s, quem ser\u00e1, quem ser\u00e1 contra n\u00f3s? Quem vai nos separar do amor de Cristo quem ser\u00e1?<\/em><\/strong><\/p>\n\n\n\n<p>Nem a espada, ou perigo, nem os erros do meu irm\u00e3o Nenhuma das criaturas nem a condena\u00e7\u00e3o.<\/p>\n\n\n\n<p>Nem a vida, nem a morte, a tristeza ou a afli\u00e7\u00e3o, Nem o passado, nem o presente, o futuro, nem opress\u00e3o.<\/p>\n\n\n\n<p>Nem as alturas, nem os abismos, nem t\u00e3o pouco a persegui\u00e7\u00e3o, Nem a ang\u00fastia, a dor ou a fome, nem a tribula\u00e7\u00e3o.<\/p>\n\n\n\n<p><strong>COMUNH\u00c3O<\/strong><\/p>\n\n\n\n<p><strong>16 &#8211;<\/strong> Chamado pra terra distante<br \/>Com idade j\u00e1 bem avan\u00e7ada foi Abra\u00e3o Seguiu o caminho confiante<br \/>Cumpriu sua grande miss\u00e3o<\/p>\n\n\n\n<p><strong><em>Vem, vem, vem, vem que eu te chamo Vem pra partilhar os dons<br \/>Vem pra repartir o p\u00e3o<br \/>Vai, vai, vai, vai que estou contigo Ensina a partilhar os dons .Ensina a repartir o p\u00e3o Vem que eu te chamo e vai<\/em><\/strong><\/p>\n\n\n\n<p>Profeta de na\u00e7\u00f5es diversas<br \/>Querido por Deus antes mesmo de ser embri\u00e3o Plantou Jeremias justi\u00e7a<br \/>Cumpriu sua grande miss\u00e3o.<\/p>\n\n\n\n<p>Adulto e j\u00e1 bem preparado<br \/>Na luz foi ao solo aceitando sua voca\u00e7\u00e3o Pilar da Igreja ent\u00e3o Paulo<br \/>Cumpriu sua grande miss\u00e3o<\/p>\n\n\n\n<p>As redes ficaram na praia<br \/>As chaves da Igreja ficaram em suas m\u00e3os A pedra alicerce foi Pedro<br \/>Cumpriu sua grande miss\u00e3o<\/p>\n\n\n\n<p>Chamados por Deus somos todos<br \/>A um sim responder na partilha dos dons e do p\u00e3o Nos gestos de amor n\u00f3s queremos<br \/>Cumpriu nossa grande miss\u00e3o<\/p>\n<\/div>\n<\/div>\n\n\n\n<p><\/p>\n","protected":false},"excerpt":{"rendered":"<p>CORPO E SANGUE DE CRISTO 1 &#8211; Todos convidados chegamAo banquete do [&hellip;]<\/p>\n","protected":false},"author":2,"featured_media":0,"parent":419,"menu_order":0,"comment_status":"closed","ping_status":"closed","template":"","meta":[],"_links":{"self":[{"href":"http:\/\/www.paroquiasaodomingos.com.br\/index.php\/wp-json\/wp\/v2\/pages\/443"}],"collection":[{"href":"http:\/\/www.paroquiasaodomingos.com.br\/index.php\/wp-json\/wp\/v2\/pages"}],"about":[{"href":"http:\/\/www.paroquiasaodomingos.com.br\/index.php\/wp-json\/wp\/v2\/types\/page"}],"author":[{"embeddable":true,"href":"http:\/\/www.paroquiasaodomingos.com.br\/index.php\/wp-json\/wp\/v2\/users\/2"}],"replies":[{"embeddable":true,"href":"http:\/\/www.paroquiasaodomingos.com.br\/index.php\/wp-json\/wp\/v2\/comments?post=443"}],"version-history":[{"count":2,"href":"http:\/\/www.paroquiasaodomingos.com.br\/index.php\/wp-json\/wp\/v2\/pages\/443\/revisions"}],"predecessor-version":[{"id":445,"href":"http:\/\/www.paroquiasaodomingos.com.br\/index.php\/wp-json\/wp\/v2\/pages\/443\/revisions\/445"}],"up":[{"embeddable":true,"href":"http:\/\/www.paroquiasaodomingos.com.br\/index.php\/wp-json\/wp\/v2\/pages\/419"}],"wp:attachment":[{"href":"http:\/\/www.paroquiasaodomingos.com.br\/index.php\/wp-json\/wp\/v2\/media?parent=443"}],"curies":[{"name":"wp","href":"https:\/\/api.w.org\/{rel}","templated":true}]}}